{"id":98,"date":"2023-02-15T20:30:37","date_gmt":"2023-02-15T20:30:37","guid":{"rendered":"https:\/\/www.instalaternyrsko.cz\/?page_id=98"},"modified":"2023-02-28T14:01:00","modified_gmt":"2023-02-28T14:01:00","slug":"cenik-sluzeb","status":"publish","type":"page","link":"https:\/\/www.instalaternyrsko.cz\/?page_id=98","title":{"rendered":"Cen\u00edk slu\u017eeb"},"content":{"rendered":"\n<h4 class=\"wp-block-heading\">Hodinov\u00e1 sazba <\/h4>\n\n\n\n<ul class=\"wp-block-list\">\n<li>Pracovn\u00ed dny od 8:00 do 16:00 350 K\u010d\/h<\/li>\n\n\n\n<li>V\u00edkend od 8:00 do 16:00 500 K\u010d\/h<\/li>\n\n\n\n<li>Od 16:00 do 8:00 a ve sv\u00e1tky pouze havarijn\u00ed slu\u017eba 1000 K\u010d\/h<\/li>\n\n\n\n<li>\u010ci\u0161t\u011bn\u00ed odpad\u016f 750 K\u010d\/h<\/li>\n<\/ul>\n\n\n\n<p><strong>Tento cen\u00edk je pouze orienta\u010dn\u00ed<\/strong><\/p>\n\n\n\n<hr class=\"wp-block-separator has-alpha-channel-opacity\"\/>\n\n\n\n<h4 class=\"wp-block-heading\">Rozs\u00e1hlej\u0161\u00ed pr\u00e1ce &#8211; cena za d\u00edlo <\/h4>\n\n\n\n<p><\/p>\n","protected":false},"excerpt":{"rendered":"<p>Hodinov\u00e1 sazba Tento cen\u00edk je pouze orienta\u010dn\u00ed Rozs\u00e1hlej\u0161\u00ed pr\u00e1ce &#8211; cena za d\u00edlo<\/p>\n","protected":false},"author":1,"featured_media":0,"parent":0,"menu_order":0,"comment_status":"closed","ping_status":"closed","template":"","meta":{"footnotes":""},"class_list":["post-98","page","type-page","status-publish","hentry"],"_links":{"self":[{"href":"https:\/\/www.instalaternyrsko.cz\/index.php?rest_route=\/wp\/v2\/pages\/98","targetHints":{"allow":["GET"]}}],"collection":[{"href":"https:\/\/www.instalaternyrsko.cz\/index.php?rest_route=\/wp\/v2\/pages"}],"about":[{"href":"https:\/\/www.instalaternyrsko.cz\/index.php?rest_route=\/wp\/v2\/types\/page"}],"author":[{"embeddable":true,"href":"https:\/\/www.instalaternyrsko.cz\/index.php?rest_route=\/wp\/v2\/users\/1"}],"replies":[{"embeddable":true,"href":"https:\/\/www.instalaternyrsko.cz\/index.php?rest_route=%2Fwp%2Fv2%2Fcomments&post=98"}],"version-history":[{"count":6,"href":"https:\/\/www.instalaternyrsko.cz\/index.php?rest_route=\/wp\/v2\/pages\/98\/revisions"}],"predecessor-version":[{"id":154,"href":"https:\/\/www.instalaternyrsko.cz\/index.php?rest_route=\/wp\/v2\/pages\/98\/revisions\/154"}],"wp:attachment":[{"href":"https:\/\/www.instalaternyrsko.cz\/index.php?rest_route=%2Fwp%2Fv2%2Fmedia&parent=98"}],"curies":[{"name":"wp","href":"https:\/\/api.w.org\/{rel}","templated":true}]}}