{"id":114,"date":"2022-12-29T23:52:25","date_gmt":"2022-12-29T23:52:25","guid":{"rendered":"https:\/\/www.instalaternyrsko.cz\/?page_id=114"},"modified":"2022-12-29T23:57:33","modified_gmt":"2022-12-29T23:57:33","slug":"obsluhovane-oblasti","status":"publish","type":"page","link":"https:\/\/www.instalaternyrsko.cz\/?page_id=114","title":{"rendered":"Obsluhovan\u00e9 oblasti"},"content":{"rendered":"\n<p class=\"has-x-large-font-size\"><strong>Obsluhuji p\u0159edev\u0161\u00edm z\u00e1padn\u00ed \u010cechy<\/strong><\/p>\n\n\n\n<ul class=\"wp-block-list\">\n<li>N\u00fdrsko<\/li>\n\n\n\n<li>Klatovy<\/li>\n\n\n\n<li>\u017delezn\u00e1 Ruda<\/li>\n\n\n\n<li>Doma\u017elice<\/li>\n\n\n\n<li>Plze\u0148<\/li>\n<\/ul>\n\n\n\n<p class=\"has-x-large-font-size\"><strong>V p\u0159\u00edpad\u011b v\u011bt\u0161\u00edch zak\u00e1zek jezd\u00edm i d\u00e1le <\/strong><\/p>\n","protected":false},"excerpt":{"rendered":"<p>Obsluhuji p\u0159edev\u0161\u00edm z\u00e1padn\u00ed \u010cechy V p\u0159\u00edpad\u011b v\u011bt\u0161\u00edch zak\u00e1zek jezd\u00edm i d\u00e1le<\/p>\n","protected":false},"author":1,"featured_media":0,"parent":0,"menu_order":0,"comment_status":"closed","ping_status":"closed","template":"","meta":{"footnotes":""},"class_list":["post-114","page","type-page","status-publish","hentry"],"_links":{"self":[{"href":"https:\/\/www.instalaternyrsko.cz\/index.php?rest_route=\/wp\/v2\/pages\/114","targetHints":{"allow":["GET"]}}],"collection":[{"href":"https:\/\/www.instalaternyrsko.cz\/index.php?rest_route=\/wp\/v2\/pages"}],"about":[{"href":"https:\/\/www.instalaternyrsko.cz\/index.php?rest_route=\/wp\/v2\/types\/page"}],"author":[{"embeddable":true,"href":"https:\/\/www.instalaternyrsko.cz\/index.php?rest_route=\/wp\/v2\/users\/1"}],"replies":[{"embeddable":true,"href":"https:\/\/www.instalaternyrsko.cz\/index.php?rest_route=%2Fwp%2Fv2%2Fcomments&post=114"}],"version-history":[{"count":2,"href":"https:\/\/www.instalaternyrsko.cz\/index.php?rest_route=\/wp\/v2\/pages\/114\/revisions"}],"predecessor-version":[{"id":119,"href":"https:\/\/www.instalaternyrsko.cz\/index.php?rest_route=\/wp\/v2\/pages\/114\/revisions\/119"}],"wp:attachment":[{"href":"https:\/\/www.instalaternyrsko.cz\/index.php?rest_route=%2Fwp%2Fv2%2Fmedia&parent=114"}],"curies":[{"name":"wp","href":"https:\/\/api.w.org\/{rel}","templated":true}]}}